{"id":205,"date":"2025-03-21T07:17:05","date_gmt":"2025-03-21T05:17:05","guid":{"rendered":"https:\/\/barbararesto.ee\/avaleht\/"},"modified":"2025-09-01T08:17:25","modified_gmt":"2025-09-01T05:17:25","slug":"avaleht","status":"publish","type":"page","link":"https:\/\/barbararesto.ee\/lv\/","title":{"rendered":"Avaleht"},"content":{"rendered":"<p style=\"text-align: center;\">Da\u017ek\u0101rt Tav\u0101 ce\u013c\u0101 par\u0101d\u0101s pavisam negaid\u012bta iesp\u0113ja \u2013 atv\u0113rt restor\u0101nu. Ies\u0101kumam, \u0161\u0137iet, b\u016btu vajadz\u012bgs ar\u012b sievi\u0161\u0137\u012bgs t\u0113ls un st\u0101sts par \u0161o unik\u0101lo sievieti. V\u0101rds Barbara izklaus\u012bj\u0101s pietiekami l\u012bdzv\u0113rt\u012bgs \u0161efpav\u0101ram, lai tas viss savienotos k\u0101 jauns un lielisks koncepts. Paties\u012bb\u0101 m\u0113s nezin\u0101j\u0101m, ko dar\u0101m. Bet m\u0113s daudz sm\u0113j\u0101mies un t\u0101pat ar\u012b v\u0113deri bija pilni. Cilv\u0113ki n\u0101ca un palika. Ne vienm\u0113r labpr\u0101t\u012bgi, jo k\u0101das no durv\u012bm reiz\u0113m aiz\u0137\u0113r\u0101s, bet atmosf\u0113ra noteikti bija. Barbaras restor\u0101ns rad\u0101s: no apjukuma, \u0161arma un liela daudzuma laba v\u012bna.<\/p>\n<p style=\"text-align: center;\">\u0160odien Barbara ir \u0161eit, elpo un pied\u0101v\u0101 pieredzi, ko neviens nevar paredz\u0113t. Mums ir mazliet smiekli, neliels apjukums un piln\u012bb\u0101 savs stils. Pieredze? V\u0113l joproj\u0101m nav. Bet vismaz uz durv\u012bm ir jauka z\u012bme.<\/p>\n","protected":false},"excerpt":{"rendered":"<p>Da\u017ek\u0101rt Tav\u0101 ce\u013c\u0101 par\u0101d\u0101s pavisam negaid\u012bta iesp\u0113ja \u2013 atv\u0113rt restor\u0101nu. Ies\u0101kumam, \u0161\u0137iet, b\u016btu vajadz\u012bgs ar\u012b sievi\u0161\u0137\u012bgs t\u0113ls un st\u0101sts par \u0161o unik\u0101lo sievieti. V\u0101rds Barbara izklaus\u012bj\u0101s pietiekami l\u012bdzv\u0113rt\u012bgs \u0161efpav\u0101ram, lai tas viss savienotos k\u0101 jauns un lielisks koncepts. Paties\u012bb\u0101 m\u0113s nezin\u0101j\u0101m, ko dar\u0101m. Bet m\u0113s daudz sm\u0113j\u0101mies un t\u0101pat ar\u012b v\u0113deri bija pilni. Cilv\u0113ki n\u0101ca [&hellip;]<\/p>\n","protected":false},"author":2,"featured_media":184,"parent":0,"menu_order":0,"comment_status":"closed","ping_status":"closed","template":"front-page.php","meta":{"_acf_changed":false,"inline_featured_image":false,"footnotes":""},"class_list":["post-205","page","type-page","status-publish","has-post-thumbnail","hentry"],"acf":[],"yoast_head":"<!-- This site is optimized with the Yoast SEO plugin v27.4 - https:\/\/yoast.com\/product\/yoast-seo-wordpress\/ -->\n<title>Avaleht - Barbara Restoran<\/title>\n<meta name=\"robots\" content=\"index, follow, max-snippet:-1, max-image-preview:large, max-video-preview:-1\" \/>\n<link rel=\"canonical\" href=\"https:\/\/barbararesto.ee\/lv\/\" \/>\n<meta property=\"og:locale\" content=\"lv_LV\" \/>\n<meta property=\"og:type\" content=\"article\" \/>\n<meta property=\"og:title\" content=\"Avaleht - Barbara Restoran\" \/>\n<meta property=\"og:description\" content=\"Da\u017ek\u0101rt Tav\u0101 ce\u013c\u0101 par\u0101d\u0101s pavisam negaid\u012bta iesp\u0113ja \u2013 atv\u0113rt restor\u0101nu. Ies\u0101kumam, \u0161\u0137iet, b\u016btu vajadz\u012bgs ar\u012b sievi\u0161\u0137\u012bgs t\u0113ls un st\u0101sts par \u0161o unik\u0101lo sievieti. V\u0101rds Barbara izklaus\u012bj\u0101s pietiekami l\u012bdzv\u0113rt\u012bgs \u0161efpav\u0101ram, lai tas viss savienotos k\u0101 jauns un lielisks koncepts. Paties\u012bb\u0101 m\u0113s nezin\u0101j\u0101m, ko dar\u0101m. Bet m\u0113s daudz sm\u0113j\u0101mies un t\u0101pat ar\u012b v\u0113deri bija pilni. Cilv\u0113ki n\u0101ca [&hellip;]\" \/>\n<meta property=\"og:url\" content=\"https:\/\/barbararesto.ee\/lv\/\" \/>\n<meta property=\"og:site_name\" content=\"Barbara Restoran\" \/>\n<meta property=\"article:modified_time\" content=\"2025-09-01T05:17:25+00:00\" \/>\n<meta property=\"og:image\" content=\"https:\/\/barbararesto.ee\/wp-content\/uploads\/2025\/05\/Barbara_Alina_Birjuk_-2461-1-scaled.jpg\" \/>\n\t<meta property=\"og:image:width\" content=\"1920\" \/>\n\t<meta property=\"og:image:height\" content=\"2560\" \/>\n\t<meta property=\"og:image:type\" content=\"image\/jpeg\" \/>\n<meta name=\"twitter:card\" content=\"summary_large_image\" \/>\n<meta name=\"twitter:label1\" content=\"Est. reading time\" \/>\n\t<meta name=\"twitter:data1\" content=\"1 minute\" \/>\n<script type=\"application\/ld+json\" class=\"yoast-schema-graph\">{\"@context\":\"https:\\\/\\\/schema.org\",\"@graph\":[{\"@type\":\"WebPage\",\"@id\":\"https:\\\/\\\/barbararesto.ee\\\/lv\\\/\",\"url\":\"https:\\\/\\\/barbararesto.ee\\\/lv\\\/\",\"name\":\"Avaleht - Barbara Restoran\",\"isPartOf\":{\"@id\":\"https:\\\/\\\/barbararesto.ee\\\/lv\\\/#website\"},\"primaryImageOfPage\":{\"@id\":\"https:\\\/\\\/barbararesto.ee\\\/lv\\\/#primaryimage\"},\"image\":{\"@id\":\"https:\\\/\\\/barbararesto.ee\\\/lv\\\/#primaryimage\"},\"thumbnailUrl\":\"https:\\\/\\\/barbararesto.ee\\\/wp-content\\\/uploads\\\/2025\\\/05\\\/Barbara_Alina_Birjuk_-2461-1-scaled.jpg\",\"datePublished\":\"2025-03-21T05:17:05+00:00\",\"dateModified\":\"2025-09-01T05:17:25+00:00\",\"breadcrumb\":{\"@id\":\"https:\\\/\\\/barbararesto.ee\\\/lv\\\/#breadcrumb\"},\"inLanguage\":\"lv-LV\",\"potentialAction\":[{\"@type\":\"ReadAction\",\"target\":[\"https:\\\/\\\/barbararesto.ee\\\/lv\\\/\"]}]},{\"@type\":\"ImageObject\",\"inLanguage\":\"lv-LV\",\"@id\":\"https:\\\/\\\/barbararesto.ee\\\/lv\\\/#primaryimage\",\"url\":\"https:\\\/\\\/barbararesto.ee\\\/wp-content\\\/uploads\\\/2025\\\/05\\\/Barbara_Alina_Birjuk_-2461-1-scaled.jpg\",\"contentUrl\":\"https:\\\/\\\/barbararesto.ee\\\/wp-content\\\/uploads\\\/2025\\\/05\\\/Barbara_Alina_Birjuk_-2461-1-scaled.jpg\",\"width\":1920,\"height\":2560,\"caption\":\"Barbara_Restoran\"},{\"@type\":\"BreadcrumbList\",\"@id\":\"https:\\\/\\\/barbararesto.ee\\\/lv\\\/#breadcrumb\",\"itemListElement\":[{\"@type\":\"ListItem\",\"position\":1,\"name\":\"Home\",\"item\":\"https:\\\/\\\/barbararesto.ee\\\/lv\\\/\"},{\"@type\":\"ListItem\",\"position\":2,\"name\":\"Avaleht\"}]},{\"@type\":\"WebSite\",\"@id\":\"https:\\\/\\\/barbararesto.ee\\\/lv\\\/#website\",\"url\":\"https:\\\/\\\/barbararesto.ee\\\/lv\\\/\",\"name\":\"Barbara Restoran\",\"description\":\"Laktoosi- ja gluteenivaba men&uuml;&uuml;ga restoran P&auml;rnu s&uuml;dalinnas\",\"potentialAction\":[{\"@type\":\"SearchAction\",\"target\":{\"@type\":\"EntryPoint\",\"urlTemplate\":\"https:\\\/\\\/barbararesto.ee\\\/lv\\\/?s={search_term_string}\"},\"query-input\":{\"@type\":\"PropertyValueSpecification\",\"valueRequired\":true,\"valueName\":\"search_term_string\"}}],\"inLanguage\":\"lv-LV\"}]}<\/script>\n<!-- \/ Yoast SEO plugin. -->","yoast_head_json":{"title":"Avaleht - Barbara Restoran","robots":{"index":"index","follow":"follow","max-snippet":"max-snippet:-1","max-image-preview":"max-image-preview:large","max-video-preview":"max-video-preview:-1"},"canonical":"https:\/\/barbararesto.ee\/lv\/","og_locale":"lv_LV","og_type":"article","og_title":"Avaleht - Barbara Restoran","og_description":"Da\u017ek\u0101rt Tav\u0101 ce\u013c\u0101 par\u0101d\u0101s pavisam negaid\u012bta iesp\u0113ja \u2013 atv\u0113rt restor\u0101nu. Ies\u0101kumam, \u0161\u0137iet, b\u016btu vajadz\u012bgs ar\u012b sievi\u0161\u0137\u012bgs t\u0113ls un st\u0101sts par \u0161o unik\u0101lo sievieti. V\u0101rds Barbara izklaus\u012bj\u0101s pietiekami l\u012bdzv\u0113rt\u012bgs \u0161efpav\u0101ram, lai tas viss savienotos k\u0101 jauns un lielisks koncepts. Paties\u012bb\u0101 m\u0113s nezin\u0101j\u0101m, ko dar\u0101m. Bet m\u0113s daudz sm\u0113j\u0101mies un t\u0101pat ar\u012b v\u0113deri bija pilni. Cilv\u0113ki n\u0101ca [&hellip;]","og_url":"https:\/\/barbararesto.ee\/lv\/","og_site_name":"Barbara Restoran","article_modified_time":"2025-09-01T05:17:25+00:00","og_image":[{"width":1920,"height":2560,"url":"https:\/\/barbararesto.ee\/wp-content\/uploads\/2025\/05\/Barbara_Alina_Birjuk_-2461-1-scaled.jpg","type":"image\/jpeg"}],"twitter_card":"summary_large_image","twitter_misc":{"Est. reading time":"1 minute"},"schema":{"@context":"https:\/\/schema.org","@graph":[{"@type":"WebPage","@id":"https:\/\/barbararesto.ee\/lv\/","url":"https:\/\/barbararesto.ee\/lv\/","name":"Avaleht - Barbara Restoran","isPartOf":{"@id":"https:\/\/barbararesto.ee\/lv\/#website"},"primaryImageOfPage":{"@id":"https:\/\/barbararesto.ee\/lv\/#primaryimage"},"image":{"@id":"https:\/\/barbararesto.ee\/lv\/#primaryimage"},"thumbnailUrl":"https:\/\/barbararesto.ee\/wp-content\/uploads\/2025\/05\/Barbara_Alina_Birjuk_-2461-1-scaled.jpg","datePublished":"2025-03-21T05:17:05+00:00","dateModified":"2025-09-01T05:17:25+00:00","breadcrumb":{"@id":"https:\/\/barbararesto.ee\/lv\/#breadcrumb"},"inLanguage":"lv-LV","potentialAction":[{"@type":"ReadAction","target":["https:\/\/barbararesto.ee\/lv\/"]}]},{"@type":"ImageObject","inLanguage":"lv-LV","@id":"https:\/\/barbararesto.ee\/lv\/#primaryimage","url":"https:\/\/barbararesto.ee\/wp-content\/uploads\/2025\/05\/Barbara_Alina_Birjuk_-2461-1-scaled.jpg","contentUrl":"https:\/\/barbararesto.ee\/wp-content\/uploads\/2025\/05\/Barbara_Alina_Birjuk_-2461-1-scaled.jpg","width":1920,"height":2560,"caption":"Barbara_Restoran"},{"@type":"BreadcrumbList","@id":"https:\/\/barbararesto.ee\/lv\/#breadcrumb","itemListElement":[{"@type":"ListItem","position":1,"name":"Home","item":"https:\/\/barbararesto.ee\/lv\/"},{"@type":"ListItem","position":2,"name":"Avaleht"}]},{"@type":"WebSite","@id":"https:\/\/barbararesto.ee\/lv\/#website","url":"https:\/\/barbararesto.ee\/lv\/","name":"Barbara Restoran","description":"Laktoosi- ja gluteenivaba men&uuml;&uuml;ga restoran P&auml;rnu s&uuml;dalinnas","potentialAction":[{"@type":"SearchAction","target":{"@type":"EntryPoint","urlTemplate":"https:\/\/barbararesto.ee\/lv\/?s={search_term_string}"},"query-input":{"@type":"PropertyValueSpecification","valueRequired":true,"valueName":"search_term_string"}}],"inLanguage":"lv-LV"}]}},"_links":{"self":[{"href":"https:\/\/barbararesto.ee\/lv\/wp-json\/wp\/v2\/pages\/205","targetHints":{"allow":["GET"]}}],"collection":[{"href":"https:\/\/barbararesto.ee\/lv\/wp-json\/wp\/v2\/pages"}],"about":[{"href":"https:\/\/barbararesto.ee\/lv\/wp-json\/wp\/v2\/types\/page"}],"author":[{"embeddable":true,"href":"https:\/\/barbararesto.ee\/lv\/wp-json\/wp\/v2\/users\/2"}],"replies":[{"embeddable":true,"href":"https:\/\/barbararesto.ee\/lv\/wp-json\/wp\/v2\/comments?post=205"}],"version-history":[{"count":17,"href":"https:\/\/barbararesto.ee\/lv\/wp-json\/wp\/v2\/pages\/205\/revisions"}],"predecessor-version":[{"id":431,"href":"https:\/\/barbararesto.ee\/lv\/wp-json\/wp\/v2\/pages\/205\/revisions\/431"}],"wp:featuredmedia":[{"embeddable":true,"href":"https:\/\/barbararesto.ee\/lv\/wp-json\/wp\/v2\/media\/184"}],"wp:attachment":[{"href":"https:\/\/barbararesto.ee\/lv\/wp-json\/wp\/v2\/media?parent=205"}],"curies":[{"name":"wp","href":"https:\/\/api.w.org\/{rel}","templated":true}]}}