{"id":204,"date":"2025-03-21T07:17:05","date_gmt":"2025-03-21T05:17:05","guid":{"rendered":"https:\/\/barbararesto.ee\/avaleht\/"},"modified":"2025-09-01T08:13:50","modified_gmt":"2025-09-01T05:13:50","slug":"avaleht","status":"publish","type":"page","link":"https:\/\/barbararesto.ee\/fi\/","title":{"rendered":"Avaleht"},"content":{"rendered":"<p style=\"text-align: center;\">Joskus tilaisuus tehd\u00e4 ravintola putoaa syliin aivan yll\u00e4tt\u00e4en.<br \/>\nKun siihen ryhtyy, tuntuu, ett\u00e4 tarvitaan my\u00f6s naisellinen imago ja tarina omalaatuisesta naisesta. Nimi Barbara kuulosti riitt\u00e4v\u00e4n siistilt\u00e4, jotta kaikki tuntuisi uudelta ja j\u00e4nnitt\u00e4v\u00e4lt\u00e4 konseptilta.<br \/>\nTodellisuudessa emme tienneet, mit\u00e4 olimme tekem\u00e4ss\u00e4. Mutta saimme nauraa paljon ja vatsat tulivat t\u00e4yteen. Ihmiset tulivat ja j\u00e4iv\u00e4t. Eiv\u00e4t aina vapaaehtoisesti, sill\u00e4 joskus ovi jumittui kiinni \u2013 mutta tunnelma oli kohdillaan.<br \/>\nBarbara-ravintola syntyi: sekasorrosta, charmista ja suuresta m\u00e4\u00e4r\u00e4st\u00e4 hyv\u00e4\u00e4 viini\u00e4.<\/p>\n<p style=\"text-align: center;\">T\u00e4n\u00e4 p\u00e4iv\u00e4n\u00e4 Barbara on paikalla, hengitt\u00e4\u00e4 ja tarjoaa el\u00e4myksi\u00e4, joita kukaan ei osaa ennustaa. Meill\u00e4 on v\u00e4h\u00e4n naurua, sopivasti sekavuutta ja t\u00e4ysin oma tyyli. Kokemusta? Ei viel\u00e4. Mutta ovessa on ainakin kaunis kyltti.<\/p>\n","protected":false},"excerpt":{"rendered":"<p>Joskus tilaisuus tehd\u00e4 ravintola putoaa syliin aivan yll\u00e4tt\u00e4en. Kun siihen ryhtyy, tuntuu, ett\u00e4 tarvitaan my\u00f6s naisellinen imago ja tarina omalaatuisesta naisesta. Nimi Barbara kuulosti riitt\u00e4v\u00e4n siistilt\u00e4, jotta kaikki tuntuisi uudelta ja j\u00e4nnitt\u00e4v\u00e4lt\u00e4 konseptilta. Todellisuudessa emme tienneet, mit\u00e4 olimme tekem\u00e4ss\u00e4. Mutta saimme nauraa paljon ja vatsat tulivat t\u00e4yteen. Ihmiset tulivat ja j\u00e4iv\u00e4t. Eiv\u00e4t aina vapaaehtoisesti, sill\u00e4 [&hellip;]<\/p>\n","protected":false},"author":2,"featured_media":183,"parent":0,"menu_order":0,"comment_status":"closed","ping_status":"closed","template":"front-page.php","meta":{"_acf_changed":false,"inline_featured_image":false,"footnotes":""},"class_list":["post-204","page","type-page","status-publish","has-post-thumbnail","hentry"],"acf":[],"yoast_head":"<!-- This site is optimized with the Yoast SEO plugin v27.5 - https:\/\/yoast.com\/product\/yoast-seo-wordpress\/ -->\n<title>Avaleht - Barbara Restoran<\/title>\n<meta name=\"robots\" content=\"index, follow, max-snippet:-1, max-image-preview:large, max-video-preview:-1\" \/>\n<link rel=\"canonical\" href=\"https:\/\/barbararesto.ee\/fi\/\" \/>\n<meta property=\"og:locale\" content=\"fi_FI\" \/>\n<meta property=\"og:type\" content=\"article\" \/>\n<meta property=\"og:title\" content=\"Avaleht - Barbara Restoran\" \/>\n<meta property=\"og:description\" content=\"Joskus tilaisuus tehd\u00e4 ravintola putoaa syliin aivan yll\u00e4tt\u00e4en. Kun siihen ryhtyy, tuntuu, ett\u00e4 tarvitaan my\u00f6s naisellinen imago ja tarina omalaatuisesta naisesta. Nimi Barbara kuulosti riitt\u00e4v\u00e4n siistilt\u00e4, jotta kaikki tuntuisi uudelta ja j\u00e4nnitt\u00e4v\u00e4lt\u00e4 konseptilta. Todellisuudessa emme tienneet, mit\u00e4 olimme tekem\u00e4ss\u00e4. Mutta saimme nauraa paljon ja vatsat tulivat t\u00e4yteen. Ihmiset tulivat ja j\u00e4iv\u00e4t. Eiv\u00e4t aina vapaaehtoisesti, sill\u00e4 [&hellip;]\" \/>\n<meta property=\"og:url\" content=\"https:\/\/barbararesto.ee\/fi\/\" \/>\n<meta property=\"og:site_name\" content=\"Barbara Restoran\" \/>\n<meta property=\"article:modified_time\" content=\"2025-09-01T05:13:50+00:00\" \/>\n<meta property=\"og:image\" content=\"https:\/\/barbararesto.ee\/wp-content\/uploads\/2025\/05\/Barbara_Alina_Birjuk_-2461-1-scaled.jpg\" \/>\n\t<meta property=\"og:image:width\" content=\"1920\" \/>\n\t<meta property=\"og:image:height\" content=\"2560\" \/>\n\t<meta property=\"og:image:type\" content=\"image\/jpeg\" \/>\n<meta name=\"twitter:card\" content=\"summary_large_image\" \/>\n<meta name=\"twitter:label1\" content=\"Arvioitu lukuaika\" \/>\n\t<meta name=\"twitter:data1\" content=\"1 minuutti\" \/>\n<script type=\"application\/ld+json\" class=\"yoast-schema-graph\">{\"@context\":\"https:\\\/\\\/schema.org\",\"@graph\":[{\"@type\":\"WebPage\",\"@id\":\"https:\\\/\\\/barbararesto.ee\\\/fi\\\/\",\"url\":\"https:\\\/\\\/barbararesto.ee\\\/fi\\\/\",\"name\":\"Avaleht - Barbara Restoran\",\"isPartOf\":{\"@id\":\"https:\\\/\\\/barbararesto.ee\\\/fi\\\/#website\"},\"primaryImageOfPage\":{\"@id\":\"https:\\\/\\\/barbararesto.ee\\\/fi\\\/#primaryimage\"},\"image\":{\"@id\":\"https:\\\/\\\/barbararesto.ee\\\/fi\\\/#primaryimage\"},\"thumbnailUrl\":\"https:\\\/\\\/barbararesto.ee\\\/wp-content\\\/uploads\\\/2025\\\/05\\\/Barbara_Alina_Birjuk_-2461-1-scaled.jpg\",\"datePublished\":\"2025-03-21T05:17:05+00:00\",\"dateModified\":\"2025-09-01T05:13:50+00:00\",\"breadcrumb\":{\"@id\":\"https:\\\/\\\/barbararesto.ee\\\/fi\\\/#breadcrumb\"},\"inLanguage\":\"fi\",\"potentialAction\":[{\"@type\":\"ReadAction\",\"target\":[\"https:\\\/\\\/barbararesto.ee\\\/fi\\\/\"]}]},{\"@type\":\"ImageObject\",\"inLanguage\":\"fi\",\"@id\":\"https:\\\/\\\/barbararesto.ee\\\/fi\\\/#primaryimage\",\"url\":\"https:\\\/\\\/barbararesto.ee\\\/wp-content\\\/uploads\\\/2025\\\/05\\\/Barbara_Alina_Birjuk_-2461-1-scaled.jpg\",\"contentUrl\":\"https:\\\/\\\/barbararesto.ee\\\/wp-content\\\/uploads\\\/2025\\\/05\\\/Barbara_Alina_Birjuk_-2461-1-scaled.jpg\",\"width\":1920,\"height\":2560,\"caption\":\"Barbara_Restoran\"},{\"@type\":\"BreadcrumbList\",\"@id\":\"https:\\\/\\\/barbararesto.ee\\\/fi\\\/#breadcrumb\",\"itemListElement\":[{\"@type\":\"ListItem\",\"position\":1,\"name\":\"Home\",\"item\":\"https:\\\/\\\/barbararesto.ee\\\/fi\\\/\"},{\"@type\":\"ListItem\",\"position\":2,\"name\":\"Avaleht\"}]},{\"@type\":\"WebSite\",\"@id\":\"https:\\\/\\\/barbararesto.ee\\\/fi\\\/#website\",\"url\":\"https:\\\/\\\/barbararesto.ee\\\/fi\\\/\",\"name\":\"Barbara Restoran\",\"description\":\"Laktoosi- ja gluteenivaba men&uuml;&uuml;ga restoran P&auml;rnu s&uuml;dalinnas\",\"potentialAction\":[{\"@type\":\"SearchAction\",\"target\":{\"@type\":\"EntryPoint\",\"urlTemplate\":\"https:\\\/\\\/barbararesto.ee\\\/fi\\\/?s={search_term_string}\"},\"query-input\":{\"@type\":\"PropertyValueSpecification\",\"valueRequired\":true,\"valueName\":\"search_term_string\"}}],\"inLanguage\":\"fi\"}]}<\/script>\n<!-- \/ Yoast SEO plugin. -->","yoast_head_json":{"title":"Avaleht - Barbara Restoran","robots":{"index":"index","follow":"follow","max-snippet":"max-snippet:-1","max-image-preview":"max-image-preview:large","max-video-preview":"max-video-preview:-1"},"canonical":"https:\/\/barbararesto.ee\/fi\/","og_locale":"fi_FI","og_type":"article","og_title":"Avaleht - Barbara Restoran","og_description":"Joskus tilaisuus tehd\u00e4 ravintola putoaa syliin aivan yll\u00e4tt\u00e4en. Kun siihen ryhtyy, tuntuu, ett\u00e4 tarvitaan my\u00f6s naisellinen imago ja tarina omalaatuisesta naisesta. Nimi Barbara kuulosti riitt\u00e4v\u00e4n siistilt\u00e4, jotta kaikki tuntuisi uudelta ja j\u00e4nnitt\u00e4v\u00e4lt\u00e4 konseptilta. Todellisuudessa emme tienneet, mit\u00e4 olimme tekem\u00e4ss\u00e4. Mutta saimme nauraa paljon ja vatsat tulivat t\u00e4yteen. Ihmiset tulivat ja j\u00e4iv\u00e4t. Eiv\u00e4t aina vapaaehtoisesti, sill\u00e4 [&hellip;]","og_url":"https:\/\/barbararesto.ee\/fi\/","og_site_name":"Barbara Restoran","article_modified_time":"2025-09-01T05:13:50+00:00","og_image":[{"width":1920,"height":2560,"url":"https:\/\/barbararesto.ee\/wp-content\/uploads\/2025\/05\/Barbara_Alina_Birjuk_-2461-1-scaled.jpg","type":"image\/jpeg"}],"twitter_card":"summary_large_image","twitter_misc":{"Arvioitu lukuaika":"1 minuutti"},"schema":{"@context":"https:\/\/schema.org","@graph":[{"@type":"WebPage","@id":"https:\/\/barbararesto.ee\/fi\/","url":"https:\/\/barbararesto.ee\/fi\/","name":"Avaleht - Barbara Restoran","isPartOf":{"@id":"https:\/\/barbararesto.ee\/fi\/#website"},"primaryImageOfPage":{"@id":"https:\/\/barbararesto.ee\/fi\/#primaryimage"},"image":{"@id":"https:\/\/barbararesto.ee\/fi\/#primaryimage"},"thumbnailUrl":"https:\/\/barbararesto.ee\/wp-content\/uploads\/2025\/05\/Barbara_Alina_Birjuk_-2461-1-scaled.jpg","datePublished":"2025-03-21T05:17:05+00:00","dateModified":"2025-09-01T05:13:50+00:00","breadcrumb":{"@id":"https:\/\/barbararesto.ee\/fi\/#breadcrumb"},"inLanguage":"fi","potentialAction":[{"@type":"ReadAction","target":["https:\/\/barbararesto.ee\/fi\/"]}]},{"@type":"ImageObject","inLanguage":"fi","@id":"https:\/\/barbararesto.ee\/fi\/#primaryimage","url":"https:\/\/barbararesto.ee\/wp-content\/uploads\/2025\/05\/Barbara_Alina_Birjuk_-2461-1-scaled.jpg","contentUrl":"https:\/\/barbararesto.ee\/wp-content\/uploads\/2025\/05\/Barbara_Alina_Birjuk_-2461-1-scaled.jpg","width":1920,"height":2560,"caption":"Barbara_Restoran"},{"@type":"BreadcrumbList","@id":"https:\/\/barbararesto.ee\/fi\/#breadcrumb","itemListElement":[{"@type":"ListItem","position":1,"name":"Home","item":"https:\/\/barbararesto.ee\/fi\/"},{"@type":"ListItem","position":2,"name":"Avaleht"}]},{"@type":"WebSite","@id":"https:\/\/barbararesto.ee\/fi\/#website","url":"https:\/\/barbararesto.ee\/fi\/","name":"Barbara Restoran","description":"Laktoosi- ja gluteenivaba men&uuml;&uuml;ga restoran P&auml;rnu s&uuml;dalinnas","potentialAction":[{"@type":"SearchAction","target":{"@type":"EntryPoint","urlTemplate":"https:\/\/barbararesto.ee\/fi\/?s={search_term_string}"},"query-input":{"@type":"PropertyValueSpecification","valueRequired":true,"valueName":"search_term_string"}}],"inLanguage":"fi"}]}},"_links":{"self":[{"href":"https:\/\/barbararesto.ee\/fi\/wp-json\/wp\/v2\/pages\/204","targetHints":{"allow":["GET"]}}],"collection":[{"href":"https:\/\/barbararesto.ee\/fi\/wp-json\/wp\/v2\/pages"}],"about":[{"href":"https:\/\/barbararesto.ee\/fi\/wp-json\/wp\/v2\/types\/page"}],"author":[{"embeddable":true,"href":"https:\/\/barbararesto.ee\/fi\/wp-json\/wp\/v2\/users\/2"}],"replies":[{"embeddable":true,"href":"https:\/\/barbararesto.ee\/fi\/wp-json\/wp\/v2\/comments?post=204"}],"version-history":[{"count":18,"href":"https:\/\/barbararesto.ee\/fi\/wp-json\/wp\/v2\/pages\/204\/revisions"}],"predecessor-version":[{"id":430,"href":"https:\/\/barbararesto.ee\/fi\/wp-json\/wp\/v2\/pages\/204\/revisions\/430"}],"wp:featuredmedia":[{"embeddable":true,"href":"https:\/\/barbararesto.ee\/fi\/wp-json\/wp\/v2\/media\/183"}],"wp:attachment":[{"href":"https:\/\/barbararesto.ee\/fi\/wp-json\/wp\/v2\/media?parent=204"}],"curies":[{"name":"wp","href":"https:\/\/api.w.org\/{rel}","templated":true}]}}